{"id":53556,"date":"2025-07-14T23:04:25","date_gmt":"2025-07-15T04:04:25","guid":{"rendered":"https:\/\/www.basler.com\/servicios-in-situ\/"},"modified":"2025-09-10T17:17:12","modified_gmt":"2025-09-10T22:17:12","slug":"servicios-in-situ","status":"publish","type":"page","link":"https:\/\/www.baslerelectric.com\/es\/e%c2%b2-servicios-de-ingenieria\/servicios-in-situ\/","title":{"rendered":"Servicios in situ"},"content":{"rendered":"<section  data-block-id=\"hammer_block_267177708b4b2f05ac9898e7f9c0d22b\" data-block=\"hero-background-image-text\" class=\"block block-hero-background-image-text hero-background-image-text spacing-top-default spacing-bottom-default style-compacto\">\t<div class=\"wrapper has-media full-width\">\r\n\t\t<div class=\"inner\">\r\n\t\t\t<figure id=\"hammer_component_69d09af5a97b3\" data-component=\"image\" class=\"component component-image image bg-image has-overlay\">\n        <picture class=\"picture\">\n            <img decoding=\"async\" width=\"1560\" height=\"700\" src=\"https:\/\/www.baslerelectric.com\/wp-content\/uploads\/2025\/07\/Web-Heros-29.png\" class=\"img\" alt=\"\" loading=\"lazy\" title=\"\" srcset=\"https:\/\/www.baslerelectric.com\/wp-content\/uploads\/2025\/07\/Web-Heros-29.png 1560w, https:\/\/www.baslerelectric.com\/wp-content\/uploads\/2025\/07\/Web-Heros-29-768x345.png 768w, https:\/\/www.baslerelectric.com\/wp-content\/uploads\/2025\/07\/Web-Heros-29-1024x459.png 1024w, https:\/\/www.baslerelectric.com\/wp-content\/uploads\/2025\/07\/Web-Heros-29-150x67.png 150w, https:\/\/www.baslerelectric.com\/wp-content\/uploads\/2025\/07\/Web-Heros-29-414x186.png 414w\" sizes=\"auto, (max-width: 1560px) 100vw, 1560px\">        <\/picture>\n\n            <\/figure>\n\r\n\t\t\t\r\n\t\t\t<div class=\"content-wrapper\">\r\n\t\t\t\t<h1 id=\"hammer_component_69d09af5a9cdf\" data-component=\"headline\" class=\"component component-headline headline title style-default\">Servicios in situ<\/h1>\n\r\n\t\t\t\t<div class=\"text\">\r\n\t\t\t\t\t<div id=\"hammer_component_69d09af5a9d32\" data-component=\"rich-text\" class=\"component component-rich-text rich-text\"><p>Basler Services, LLC, ofrece una gama de servicios in situ -incluida la resoluci&oacute;n de problemas de emergencia, el mantenimiento y las pruebas del sistema, las pruebas de conformidad con la NERC y la formaci&oacute;n t&eacute;cnica personalizada- para garantizar un rendimiento &oacute;ptimo y el cumplimiento de la normativa para la generaci&oacute;n de energ&iacute;a y los sistemas el&eacute;ctricos industriales.<\/p>\n<\/div>\n\r\n\t\t\t\t\t\t\t\t\t\t\t<a id=\"hammer_component_69d09af5a9d73\" data-component=\"button\" class=\"component component-button button style-principal\" href=\"https:\/\/www.basler.com\/contact\" target=\"\" title=\"Contacta con nosotros\" aria-label=\"Contacta con nosotros\">    <span class=\"button-wrapper\">\n                    <strong class=\"button-text\">Contacta con nosotros<\/strong>\n        \n                    <span class=\"icon-wrapper\" aria-hidden=\"true\">\n                <span class=\"button-icon\">\n                    <?xml version=\"1.0\" encoding=\"UTF-8\"?> <svg xmlns=\"http:\/\/www.w3.org\/2000\/svg\" width=\"8\" height=\"8\" viewbox=\"0 0 8 8\" fill=\"currentColor\"><path fill-rule=\"evenodd\" clip-rule=\"evenodd\" d=\"M7.25606 1.27007L0.526065 8L0 7.47393L6.73 0.743975H0.789112V0H8.00004V7.21087H7.25606V1.27007Z\" fill=\"currentColor\"><\/path><\/svg>                 <\/span>\n            <\/span>\n            <\/span>\n    <\/a>\n\t\t\t\t\t\t\t\t\t<\/div>\r\n\r\n\t\t\t<\/div>\r\n\t\t<\/div>\r\n\t<\/div>\r\n<\/section><section  data-block-id=\"hammer_block_7e32299aa0ebf558090e80cbbb76c2d4\" data-block=\"listing-collapse\" class=\"block block-listing-collapse listing-collapse spacing-top-default spacing-bottom-default\">    \t\t<header class=\"wrapper wrapper-top\">\n            <h2 id=\"hammer_component_69d09af5c4d0c\" data-component=\"headline\" class=\"component component-headline headline style-default\">E&sup2; Servicios de Ingenier&iacute;a<\/h2>\n            \t\t<\/header>\n    \n\t<div class=\"wrapper wrapper-bottom\">\n        \t\t\t<hr class=\"line\" role=\"presentation\"\/>\n\t\t\t<article class=\"post active\" tabindex=\"0\">\n                <figure id=\"hammer_component_69d09af5c4d81\" data-component=\"image\" class=\"component component-image image\">\n        <picture class=\"picture\">\n            <img decoding=\"async\" width=\"500\" height=\"328\" src=\"https:\/\/www.baslerelectric.com\/wp-content\/uploads\/2025\/07\/Untitled-31.png\" class=\"img\" alt=\"\" loading=\"lazy\" title=\"\" srcset=\"https:\/\/www.baslerelectric.com\/wp-content\/uploads\/2025\/07\/Untitled-31.png 500w, https:\/\/www.baslerelectric.com\/wp-content\/uploads\/2025\/07\/Untitled-31-150x98.png 150w, https:\/\/www.baslerelectric.com\/wp-content\/uploads\/2025\/07\/Untitled-31-414x272.png 414w\" sizes=\"auto, (max-width: 500px) 100vw, 500px\">        <\/picture>\n\n            <\/figure>\n\n\t\t\t\t<div class=\"content\">\n\t\t\t\t\t<div class=\"infos\">\n\t\t\t\t\t\t<h3 class=\"title\">Soluci\u00f3n de problemas y asistencia<\/h3>\n\n                        \t\t\t\t\t\t\t<p class=\"excerpt\">Cuando tu unidad est\u00e1 averiada, necesitas ayuda. Nuestros ingenieros, cualificados y expertos, tienen la experiencia de campo necesaria para entender tus problemas y responder a tus preguntas. Los ingenieros de Basler Services prestan servicios de localizaci\u00f3n de aver\u00edas de emergencia por tel\u00e9fono, de forma gratuita. Si tus necesidades son m\u00e1s complejas, enviaremos a uno de nuestros ingenieros de campo a tus instalaciones en funci\u00f3n del tiempo y los materiales necesarios.   <\/p>\n                        \t\t\t\t\t<\/div>\n\n                    \t\t\t\t\t\t<div class=\"wrapper-button\">\n                            <a id=\"hammer_component_69d09af5c517d\" data-component=\"button\" class=\"component component-button button style-principal\" href=\"https:\/\/www.basler.com\/service\/e2-engineering-troubleshooting-support\/\" target=\"\" title=\"Saber m&aacute;s\" aria-label=\"Saber m&aacute;s\">    <span class=\"button-wrapper\">\n                    <strong class=\"button-text\">Saber m&aacute;s<\/strong>\n        \n                    <span class=\"icon-wrapper\" aria-hidden=\"true\">\n                <span class=\"button-icon\">\n                    <?xml version=\"1.0\" encoding=\"UTF-8\"?> <svg xmlns=\"http:\/\/www.w3.org\/2000\/svg\" width=\"8\" height=\"8\" viewbox=\"0 0 8 8\" fill=\"currentColor\"><path fill-rule=\"evenodd\" clip-rule=\"evenodd\" d=\"M7.25606 1.27007L0.526065 8L0 7.47393L6.73 0.743975H0.789112V0H8.00004V7.21087H7.25606V1.27007Z\" fill=\"currentColor\"><\/path><\/svg>                 <\/span>\n            <\/span>\n            <\/span>\n    <\/a>\n\t\t\t\t\t\t<\/div>\n                    \t\t\t\t<\/div>\n\t\t\t<\/article>\n        \t\t\t<hr class=\"line\" role=\"presentation\"\/>\n\t\t\t<article class=\"post \" tabindex=\"0\">\n                <figure id=\"hammer_component_69d09af5c5279\" data-component=\"image\" class=\"component component-image image\">\n        <picture class=\"picture\">\n            <img decoding=\"async\" width=\"500\" height=\"328\" src=\"https:\/\/www.baslerelectric.com\/wp-content\/uploads\/2025\/07\/Untitled-3-11.png\" class=\"img\" alt=\"\" loading=\"lazy\" title=\"\" srcset=\"https:\/\/www.baslerelectric.com\/wp-content\/uploads\/2025\/07\/Untitled-3-11.png 500w, https:\/\/www.baslerelectric.com\/wp-content\/uploads\/2025\/07\/Untitled-3-11-150x98.png 150w, https:\/\/www.baslerelectric.com\/wp-content\/uploads\/2025\/07\/Untitled-3-11-414x272.png 414w\" sizes=\"auto, (max-width: 500px) 100vw, 500px\">        <\/picture>\n\n            <\/figure>\n\n\t\t\t\t<div class=\"content\">\n\t\t\t\t\t<div class=\"infos\">\n\t\t\t\t\t\t<h3 class=\"title\">Mantenimiento y pruebas del sistema<\/h3>\n\n                        \t\t\t\t\t\t\t<p class=\"excerpt\">Un programa de mantenimiento peri\u00f3dico de calidad del sistema, realizado por expertos de Basler Services, te proporcionar\u00e1 la informaci\u00f3n y las herramientas necesarias para lograr una mayor fiabilidad de tu sistema de generaci\u00f3n. El mantenimiento peri\u00f3dico mejorar\u00e1 el rendimiento de la unidad, mejorar\u00e1 la capacidad interna de resoluci\u00f3n de problemas del sistema y te ayudar\u00e1 a reducir los costes generales de funcionamiento y mantenimiento del sistema. <\/p>\n                        \t\t\t\t\t<\/div>\n\n                    \t\t\t\t\t\t<div class=\"wrapper-button\">\n                            <a id=\"hammer_component_69d09af5c556e\" data-component=\"button\" class=\"component component-button button style-principal\" href=\"https:\/\/www.basler.com\/service\/e2-engineering-system-maintenance-testing\/\" target=\"\" title=\"Saber m&aacute;s\" aria-label=\"Saber m&aacute;s\">    <span class=\"button-wrapper\">\n                    <strong class=\"button-text\">Saber m&aacute;s<\/strong>\n        \n                    <span class=\"icon-wrapper\" aria-hidden=\"true\">\n                <span class=\"button-icon\">\n                    <?xml version=\"1.0\" encoding=\"UTF-8\"?> <svg xmlns=\"http:\/\/www.w3.org\/2000\/svg\" width=\"8\" height=\"8\" viewbox=\"0 0 8 8\" fill=\"currentColor\"><path fill-rule=\"evenodd\" clip-rule=\"evenodd\" d=\"M7.25606 1.27007L0.526065 8L0 7.47393L6.73 0.743975H0.789112V0H8.00004V7.21087H7.25606V1.27007Z\" fill=\"currentColor\"><\/path><\/svg>                 <\/span>\n            <\/span>\n            <\/span>\n    <\/a>\n\t\t\t\t\t\t<\/div>\n                    \t\t\t\t<\/div>\n\t\t\t<\/article>\n        \t\t\t<hr class=\"line\" role=\"presentation\"\/>\n\t\t\t<article class=\"post \" tabindex=\"0\">\n                <figure id=\"hammer_component_69d09af5c567a\" data-component=\"image\" class=\"component component-image image\">\n        <picture class=\"picture\">\n            <img decoding=\"async\" width=\"3840\" height=\"2160\" src=\"https:\/\/www.baslerelectric.com\/wp-content\/uploads\/2025\/07\/Head_of_project_holds_laptop-e1752807211868.webp\" class=\"img\" alt=\"\" loading=\"lazy\" title=\"\">        <\/picture>\n\n            <\/figure>\n\n\t\t\t\t<div class=\"content\">\n\t\t\t\t\t<div class=\"infos\">\n\t\t\t\t\t\t<h3 class=\"title\">Pruebas de conformidad NERC<\/h3>\n\n                        \t\t\t\t\t\t\t<p class=\"excerpt\">Actualmente existen normas, o los consejos regionales las est\u00e1n elaborando, que exigen pruebas de referencia y peri\u00f3dicas (cada cinco a\u00f1os) y la verificaci\u00f3n de los modelos de centrales el\u00e9ctricas para unidades de m\u00e1s de 10 MVA. Esto requiere que los par\u00e1metros del generador, el sistema de excitaci\u00f3n, el regulador de la turbina, el limitador de sobreexcitaci\u00f3n y el estabilizador del sistema el\u00e9ctrico se verifiquen mediante la comparaci\u00f3n de las respuestas din\u00e1micas simuladas con las mediciones de las pruebas de campo. <\/p>\n                        \t\t\t\t\t<\/div>\n\n                    \t\t\t\t\t\t<div class=\"wrapper-button\">\n                            <a id=\"hammer_component_69d09af5c5a4d\" data-component=\"button\" class=\"component component-button button style-principal\" href=\"https:\/\/www.basler.com\/service\/e2-engineering-nerc-compliance-testing\/\" target=\"\" title=\"Saber m&aacute;s\" aria-label=\"Saber m&aacute;s\">    <span class=\"button-wrapper\">\n                    <strong class=\"button-text\">Saber m&aacute;s<\/strong>\n        \n                    <span class=\"icon-wrapper\" aria-hidden=\"true\">\n                <span class=\"button-icon\">\n                    <?xml version=\"1.0\" encoding=\"UTF-8\"?> <svg xmlns=\"http:\/\/www.w3.org\/2000\/svg\" width=\"8\" height=\"8\" viewbox=\"0 0 8 8\" fill=\"currentColor\"><path fill-rule=\"evenodd\" clip-rule=\"evenodd\" d=\"M7.25606 1.27007L0.526065 8L0 7.47393L6.73 0.743975H0.789112V0H8.00004V7.21087H7.25606V1.27007Z\" fill=\"currentColor\"><\/path><\/svg>                 <\/span>\n            <\/span>\n            <\/span>\n    <\/a>\n\t\t\t\t\t\t<\/div>\n                    \t\t\t\t<\/div>\n\t\t\t<\/article>\n        \t\t\t<hr class=\"line\" role=\"presentation\"\/>\n\t\t\t<article class=\"post \" tabindex=\"0\">\n                <figure id=\"hammer_component_69d09af5c5b6b\" data-component=\"image\" class=\"component component-image image\">\n        <picture class=\"picture\">\n            <img decoding=\"async\" width=\"3840\" height=\"2880\" src=\"https:\/\/www.baslerelectric.com\/wp-content\/uploads\/2025\/06\/segrity-training-session.webp\" class=\"img\" alt=\"SEGRITY Training Session\" loading=\"lazy\" title=\"\" srcset=\"https:\/\/www.baslerelectric.com\/wp-content\/uploads\/2025\/06\/segrity-training-session.webp 3840w, https:\/\/www.baslerelectric.com\/wp-content\/uploads\/2025\/06\/segrity-training-session-768x576.webp 768w, https:\/\/www.baslerelectric.com\/wp-content\/uploads\/2025\/06\/segrity-training-session-1024x768.webp 1024w, https:\/\/www.baslerelectric.com\/wp-content\/uploads\/2025\/06\/segrity-training-session-150x113.webp 150w, https:\/\/www.baslerelectric.com\/wp-content\/uploads\/2025\/06\/segrity-training-session-414x311.webp 414w, https:\/\/www.baslerelectric.com\/wp-content\/uploads\/2025\/06\/segrity-training-session-1600x1200.webp 1600w, https:\/\/www.baslerelectric.com\/wp-content\/uploads\/2025\/06\/segrity-training-session-1920x1440.webp 1920w\" sizes=\"auto, (max-width: 3840px) 100vw, 3840px\">        <\/picture>\n\n                    <figcaption class=\"caption\">SEGRITY Training Session<\/figcaption>\n            <\/figure>\n\n\t\t\t\t<div class=\"content\">\n\t\t\t\t\t<div class=\"infos\">\n\t\t\t\t\t\t<h3 class=\"title\">Formaci\u00f3n t\u00e9cnica<\/h3>\n\n                        \t\t\t\t\t\t\t<p class=\"excerpt\">Nuestro objetivo es apoyar a las plantas operativas en su objetivo de conseguir la m\u00e1xima eficacia de su propio personal t\u00e9cnico y equipos. Cada programa de formaci\u00f3n se desarrolla para satisfacer las necesidades espec\u00edficas de nuestros clientes. Estructuraremos el contenido del curso para proporcionar la informaci\u00f3n b\u00e1sica, as\u00ed como el camino a seguir para tu sistema.  <\/p>\n                        \t\t\t\t\t<\/div>\n\n                    \t\t\t\t\t\t<div class=\"wrapper-button\">\n                            <a id=\"hammer_component_69d09af5c644f\" data-component=\"button\" class=\"component component-button button style-principal\" href=\"https:\/\/www.basler.com\/service\/e2-engineering-technical-training\/\" target=\"\" title=\"Saber m&aacute;s\" aria-label=\"Saber m&aacute;s\">    <span class=\"button-wrapper\">\n                    <strong class=\"button-text\">Saber m&aacute;s<\/strong>\n        \n                    <span class=\"icon-wrapper\" aria-hidden=\"true\">\n                <span class=\"button-icon\">\n                    <?xml version=\"1.0\" encoding=\"UTF-8\"?> <svg xmlns=\"http:\/\/www.w3.org\/2000\/svg\" width=\"8\" height=\"8\" viewbox=\"0 0 8 8\" fill=\"currentColor\"><path fill-rule=\"evenodd\" clip-rule=\"evenodd\" d=\"M7.25606 1.27007L0.526065 8L0 7.47393L6.73 0.743975H0.789112V0H8.00004V7.21087H7.25606V1.27007Z\" fill=\"currentColor\"><\/path><\/svg>                 <\/span>\n            <\/span>\n            <\/span>\n    <\/a>\n\t\t\t\t\t\t<\/div>\n                    \t\t\t\t<\/div>\n\t\t\t<\/article>\n        \t\t<hr class=\"line\" role=\"presentation\"\/>\n\t<\/div>\n    <\/section>","protected":false},"excerpt":{"rendered":"","protected":false},"author":1,"featured_media":0,"parent":53845,"menu_order":0,"comment_status":"closed","ping_status":"closed","template":"","meta":{"_acf_changed":false,"content-type":"","inline_featured_image":false,"ep_exclude_from_search":false,"footnotes":""},"class_list":["post-53556","page","type-page","status-publish","hentry"],"acf":[],"yoast_head":"<!-- This site is optimized with the Yoast SEO plugin v26.3 - https:\/\/yoast.com\/wordpress\/plugins\/seo\/ -->\n<title>Servicios in situ | Basler Electric<\/title>\n<meta name=\"robots\" content=\"index, follow, max-snippet:-1, max-image-preview:large, max-video-preview:-1\" \/>\n<link rel=\"canonical\" href=\"https:\/\/www.baslerelectric.com\/es\/e%c2%b2-servicios-de-ingenieria\/servicios-in-situ\/\" \/>\n<meta property=\"og:locale\" content=\"es_ES\" \/>\n<meta property=\"og:type\" content=\"article\" \/>\n<meta property=\"og:title\" content=\"Servicios in situ | Basler Electric\" \/>\n<meta property=\"og:url\" content=\"https:\/\/www.baslerelectric.com\/es\/e%c2%b2-servicios-de-ingenieria\/servicios-in-situ\/\" \/>\n<meta property=\"og:site_name\" content=\"Basler Electric\" \/>\n<meta property=\"article:modified_time\" content=\"2025-09-10T22:17:12+00:00\" \/>\n<meta property=\"og:image\" content=\"https:\/\/www.baslerelectric.com\/wp-content\/uploads\/2025\/07\/Basler-Default-Image.jpg\" \/>\n\t<meta property=\"og:image:width\" content=\"1920\" \/>\n\t<meta property=\"og:image:height\" content=\"1080\" \/>\n\t<meta property=\"og:image:type\" content=\"image\/jpeg\" \/>\n<meta name=\"twitter:card\" content=\"summary_large_image\" \/>\n<script type=\"application\/ld+json\" class=\"yoast-schema-graph\">{\"@context\":\"https:\/\/schema.org\",\"@graph\":[{\"@type\":\"WebPage\",\"@id\":\"https:\/\/www.baslerelectric.com\/es\/e%c2%b2-servicios-de-ingenieria\/servicios-in-situ\/\",\"url\":\"https:\/\/www.baslerelectric.com\/es\/e%c2%b2-servicios-de-ingenieria\/servicios-in-situ\/\",\"name\":\"Servicios in situ | Basler Electric\",\"isPartOf\":{\"@id\":\"https:\/\/catalog.basler.com\/#website\"},\"datePublished\":\"2025-07-15T04:04:25+00:00\",\"dateModified\":\"2025-09-10T22:17:12+00:00\",\"breadcrumb\":{\"@id\":\"https:\/\/www.baslerelectric.com\/es\/e%c2%b2-servicios-de-ingenieria\/servicios-in-situ\/#breadcrumb\"},\"inLanguage\":\"es-ES\",\"potentialAction\":[{\"@type\":\"ReadAction\",\"target\":[\"https:\/\/www.baslerelectric.com\/es\/e%c2%b2-servicios-de-ingenieria\/servicios-in-situ\/\"]}]},{\"@type\":\"BreadcrumbList\",\"@id\":\"https:\/\/www.baslerelectric.com\/es\/e%c2%b2-servicios-de-ingenieria\/servicios-in-situ\/#breadcrumb\",\"itemListElement\":[{\"@type\":\"ListItem\",\"position\":1,\"name\":\"Home\",\"item\":\"https:\/\/sourceautosoftware.com\/es\/\"},{\"@type\":\"ListItem\",\"position\":2,\"name\":\"E\u00b2 Servicios de Ingenier\u00eda\",\"item\":\"https:\/\/basler.com\/es\/e%c2%b2-servicios-de-ingenieria\/\"},{\"@type\":\"ListItem\",\"position\":3,\"name\":\"Servicios in situ\"}]},{\"@type\":\"WebSite\",\"@id\":\"https:\/\/catalog.basler.com\/#website\",\"url\":\"https:\/\/catalog.basler.com\/\",\"name\":\"Basler Electric\",\"description\":\"\",\"publisher\":{\"@id\":\"https:\/\/catalog.basler.com\/#organization\"},\"potentialAction\":[{\"@type\":\"SearchAction\",\"target\":{\"@type\":\"EntryPoint\",\"urlTemplate\":\"https:\/\/catalog.basler.com\/?s={search_term_string}\"},\"query-input\":{\"@type\":\"PropertyValueSpecification\",\"valueRequired\":true,\"valueName\":\"search_term_string\"}}],\"inLanguage\":\"es-ES\"},{\"@type\":\"Organization\",\"@id\":\"https:\/\/catalog.basler.com\/#organization\",\"name\":\"Basler Electric\",\"url\":\"https:\/\/catalog.basler.com\/\",\"logo\":{\"@type\":\"ImageObject\",\"inLanguage\":\"es-ES\",\"@id\":\"https:\/\/catalog.basler.com\/#\/schema\/logo\/image\/\",\"url\":\"https:\/\/www.basler.com\/wp-content\/uploads\/2025\/10\/Basler-Logo-Favicon.png\",\"contentUrl\":\"https:\/\/www.basler.com\/wp-content\/uploads\/2025\/10\/Basler-Logo-Favicon.png\",\"width\":512,\"height\":512,\"caption\":\"Basler Electric\"},\"image\":{\"@id\":\"https:\/\/catalog.basler.com\/#\/schema\/logo\/image\/\"}}]}<\/script>\n<!-- \/ Yoast SEO plugin. -->","yoast_head_json":{"title":"Servicios in situ | Basler Electric","robots":{"index":"index","follow":"follow","max-snippet":"max-snippet:-1","max-image-preview":"max-image-preview:large","max-video-preview":"max-video-preview:-1"},"canonical":"https:\/\/www.baslerelectric.com\/es\/e%c2%b2-servicios-de-ingenieria\/servicios-in-situ\/","og_locale":"es_ES","og_type":"article","og_title":"Servicios in situ | Basler Electric","og_url":"https:\/\/www.baslerelectric.com\/es\/e%c2%b2-servicios-de-ingenieria\/servicios-in-situ\/","og_site_name":"Basler Electric","article_modified_time":"2025-09-10T22:17:12+00:00","og_image":[{"width":1920,"height":1080,"url":"https:\/\/www.baslerelectric.com\/wp-content\/uploads\/2025\/07\/Basler-Default-Image.jpg","type":"image\/jpeg"}],"twitter_card":"summary_large_image","schema":{"@context":"https:\/\/schema.org","@graph":[{"@type":"WebPage","@id":"https:\/\/www.baslerelectric.com\/es\/e%c2%b2-servicios-de-ingenieria\/servicios-in-situ\/","url":"https:\/\/www.baslerelectric.com\/es\/e%c2%b2-servicios-de-ingenieria\/servicios-in-situ\/","name":"Servicios in situ | Basler Electric","isPartOf":{"@id":"https:\/\/catalog.basler.com\/#website"},"datePublished":"2025-07-15T04:04:25+00:00","dateModified":"2025-09-10T22:17:12+00:00","breadcrumb":{"@id":"https:\/\/www.baslerelectric.com\/es\/e%c2%b2-servicios-de-ingenieria\/servicios-in-situ\/#breadcrumb"},"inLanguage":"es-ES","potentialAction":[{"@type":"ReadAction","target":["https:\/\/www.baslerelectric.com\/es\/e%c2%b2-servicios-de-ingenieria\/servicios-in-situ\/"]}]},{"@type":"BreadcrumbList","@id":"https:\/\/www.baslerelectric.com\/es\/e%c2%b2-servicios-de-ingenieria\/servicios-in-situ\/#breadcrumb","itemListElement":[{"@type":"ListItem","position":1,"name":"Home","item":"https:\/\/sourceautosoftware.com\/es\/"},{"@type":"ListItem","position":2,"name":"E\u00b2 Servicios de Ingenier\u00eda","item":"https:\/\/basler.com\/es\/e%c2%b2-servicios-de-ingenieria\/"},{"@type":"ListItem","position":3,"name":"Servicios in situ"}]},{"@type":"WebSite","@id":"https:\/\/catalog.basler.com\/#website","url":"https:\/\/catalog.basler.com\/","name":"Basler Electric","description":"","publisher":{"@id":"https:\/\/catalog.basler.com\/#organization"},"potentialAction":[{"@type":"SearchAction","target":{"@type":"EntryPoint","urlTemplate":"https:\/\/catalog.basler.com\/?s={search_term_string}"},"query-input":{"@type":"PropertyValueSpecification","valueRequired":true,"valueName":"search_term_string"}}],"inLanguage":"es-ES"},{"@type":"Organization","@id":"https:\/\/catalog.basler.com\/#organization","name":"Basler Electric","url":"https:\/\/catalog.basler.com\/","logo":{"@type":"ImageObject","inLanguage":"es-ES","@id":"https:\/\/catalog.basler.com\/#\/schema\/logo\/image\/","url":"https:\/\/www.basler.com\/wp-content\/uploads\/2025\/10\/Basler-Logo-Favicon.png","contentUrl":"https:\/\/www.basler.com\/wp-content\/uploads\/2025\/10\/Basler-Logo-Favicon.png","width":512,"height":512,"caption":"Basler Electric"},"image":{"@id":"https:\/\/catalog.basler.com\/#\/schema\/logo\/image\/"}}]}},"_links":{"self":[{"href":"https:\/\/www.baslerelectric.com\/es\/wp-json\/wp\/v2\/pages\/53556","targetHints":{"allow":["GET"]}}],"collection":[{"href":"https:\/\/www.baslerelectric.com\/es\/wp-json\/wp\/v2\/pages"}],"about":[{"href":"https:\/\/www.baslerelectric.com\/es\/wp-json\/wp\/v2\/types\/page"}],"author":[{"embeddable":true,"href":"https:\/\/www.baslerelectric.com\/es\/wp-json\/wp\/v2\/users\/1"}],"replies":[{"embeddable":true,"href":"https:\/\/www.baslerelectric.com\/es\/wp-json\/wp\/v2\/comments?post=53556"}],"version-history":[{"count":1,"href":"https:\/\/www.baslerelectric.com\/es\/wp-json\/wp\/v2\/pages\/53556\/revisions"}],"predecessor-version":[{"id":53557,"href":"https:\/\/www.baslerelectric.com\/es\/wp-json\/wp\/v2\/pages\/53556\/revisions\/53557"}],"up":[{"embeddable":true,"href":"https:\/\/www.baslerelectric.com\/es\/wp-json\/wp\/v2\/pages\/53845"}],"wp:attachment":[{"href":"https:\/\/www.baslerelectric.com\/es\/wp-json\/wp\/v2\/media?parent=53556"}],"curies":[{"name":"wp","href":"https:\/\/api.w.org\/{rel}","templated":true}]}}