{"id":53945,"date":"2025-07-14T23:08:41","date_gmt":"2025-07-15T04:08:41","guid":{"rendered":"https:\/\/www.basler.com\/e%c2%b2-servicios-de-ingenieria\/servicios-de-consultoria\/"},"modified":"2025-09-10T17:17:53","modified_gmt":"2025-09-10T22:17:53","slug":"servicios-de-consultoria","status":"publish","type":"page","link":"https:\/\/www.baslerelectric.com\/es\/e%c2%b2-servicios-de-ingenieria\/servicios-de-consultoria\/","title":{"rendered":"Servicios de Consultor\u00eda"},"content":{"rendered":"<section  data-block-id=\"hammer_block_a2c0f8bd47fa27c62afbfa3c62b43da8\" data-block=\"hero-background-image-text\" class=\"block block-hero-background-image-text hero-background-image-text spacing-top-default spacing-bottom-default style-compacto\">\t<div class=\"wrapper has-media full-width\">\r\n\t\t<div class=\"inner\">\r\n\t\t\t<figure id=\"hammer_component_69d096d49d236\" data-component=\"image\" class=\"component component-image image bg-image has-overlay\">\n        <picture class=\"picture\">\n            <img decoding=\"async\" width=\"1560\" height=\"700\" src=\"https:\/\/www.baslerelectric.com\/wp-content\/uploads\/2025\/07\/Web-Heros-30.png\" class=\"img\" alt=\"\" loading=\"lazy\" title=\"\" srcset=\"https:\/\/www.baslerelectric.com\/wp-content\/uploads\/2025\/07\/Web-Heros-30.png 1560w, https:\/\/www.baslerelectric.com\/wp-content\/uploads\/2025\/07\/Web-Heros-30-768x345.png 768w, https:\/\/www.baslerelectric.com\/wp-content\/uploads\/2025\/07\/Web-Heros-30-1024x459.png 1024w, https:\/\/www.baslerelectric.com\/wp-content\/uploads\/2025\/07\/Web-Heros-30-150x67.png 150w, https:\/\/www.baslerelectric.com\/wp-content\/uploads\/2025\/07\/Web-Heros-30-414x186.png 414w\" sizes=\"auto, (max-width: 1560px) 100vw, 1560px\">        <\/picture>\n\n            <\/figure>\n\r\n\t\t\t\r\n\t\t\t<div class=\"content-wrapper\">\r\n\t\t\t\t<h1 id=\"hammer_component_69d096d49d6ee\" data-component=\"headline\" class=\"component component-headline headline title style-default\">Servicios de Consultor&iacute;a<\/h1>\n\r\n\t\t\t\t<div class=\"text\">\r\n\t\t\t\t\t<div id=\"hammer_component_69d096d49d733\" data-component=\"rich-text\" class=\"component component-rich-text rich-text\"><p>Basler Services, LLC ofrece servicios de consultor&iacute;a especializados, como estudios de evaluaci&oacute;n y mejora de sistemas, asistencia para el cumplimiento de la normativa, evaluaciones del riesgo de arco el&eacute;ctrico, coordinaci&oacute;n de rel&eacute;s de protecci&oacute;n, revisiones del flujo de carga.<\/p>\n<\/div>\n\r\n\t\t\t\t\t\t\t\t\t\t\t<a id=\"hammer_component_69d096d49d76b\" data-component=\"button\" class=\"component component-button button style-principal\" href=\"https:\/\/www.basler.com\/contact-us\/\" target=\"\" title=\"Contacta con nosotros  \" aria-label=\"Contacta con nosotros  \">    <span class=\"button-wrapper\">\n                    <strong class=\"button-text\">Contacta con nosotros  <\/strong>\n        \n                    <span class=\"icon-wrapper\" aria-hidden=\"true\">\n                <span class=\"button-icon\">\n                    <?xml version=\"1.0\" encoding=\"UTF-8\"?> <svg xmlns=\"http:\/\/www.w3.org\/2000\/svg\" width=\"8\" height=\"8\" viewbox=\"0 0 8 8\" fill=\"currentColor\"><path fill-rule=\"evenodd\" clip-rule=\"evenodd\" d=\"M7.25606 1.27007L0.526065 8L0 7.47393L6.73 0.743975H0.789112V0H8.00004V7.21087H7.25606V1.27007Z\" fill=\"currentColor\"><\/path><\/svg>                 <\/span>\n            <\/span>\n            <\/span>\n    <\/a>\n\t\t\t\t\t\t\t\t\t<\/div>\r\n\r\n\t\t\t<\/div>\r\n\t\t<\/div>\r\n\t<\/div>\r\n<\/section><section  data-block-id=\"hammer_block_e3fd903cb257977ddab4bc8dceb173c6\" data-block=\"listing-collapse\" class=\"block block-listing-collapse listing-collapse spacing-top-peque\u00f1o spacing-bottom-default\">    \t\t<header class=\"wrapper wrapper-top\">\n            <h2 id=\"hammer_component_69d096d4b03ed\" data-component=\"headline\" class=\"component component-headline headline style-encabezamiento-regular\">E&sup2; Servicios de Ingenier&iacute;a<\/h2>\n            \t\t<\/header>\n    \n\t<div class=\"wrapper wrapper-bottom\">\n        \t\t\t<hr class=\"line\" role=\"presentation\"\/>\n\t\t\t<article class=\"post active\" tabindex=\"0\">\n                <figure id=\"hammer_component_69d096d4b04a6\" data-component=\"image\" class=\"component component-image image\">\n        <picture class=\"picture\">\n            <img decoding=\"async\" width=\"440\" height=\"330\" src=\"https:\/\/www.baslerelectric.com\/wp-content\/uploads\/2025\/07\/Untitled-23.webp\" class=\"img\" alt=\"\" loading=\"lazy\" title=\"\" srcset=\"https:\/\/www.baslerelectric.com\/wp-content\/uploads\/2025\/07\/Untitled-23.webp 440w, https:\/\/www.baslerelectric.com\/wp-content\/uploads\/2025\/07\/Untitled-23-150x113.webp 150w, https:\/\/www.baslerelectric.com\/wp-content\/uploads\/2025\/07\/Untitled-23-414x311.webp 414w\" sizes=\"auto, (max-width: 440px) 100vw, 440px\">        <\/picture>\n\n            <\/figure>\n\n\t\t\t\t<div class=\"content\">\n\t\t\t\t\t<div class=\"infos\">\n\t\t\t\t\t\t<h3 class=\"title\">Estudios de evaluaci\u00f3n y mejora del sistema<\/h3>\n\n                        \t\t\t\t\t\t\t<p class=\"excerpt\">Hoy en d\u00eda, el suministro de energ\u00eda es de m\u00e1xima preocupaci\u00f3n. El aumento de la demanda sigue agobiando a los proveedores de energ\u00eda, lo que acent\u00faa la importancia cr\u00edtica de la m\u00e1xima eficiencia y fiabilidad. Al tiempo que nos centramos en los procesos (Programas de Gesti\u00f3n de Vida) para ampliar la esperanza de vida de las turbinas y los generadores, hay que tener en cuenta los sistemas de control de la excitaci\u00f3n para garantizar que se satisfacen las demandas de soporte de tensi\u00f3n en todo el sistema.  <\/p>\n                        \t\t\t\t\t<\/div>\n\n                    \t\t\t\t\t\t<div class=\"wrapper-button\">\n                            <a id=\"hammer_component_69d096d4b09ac\" data-component=\"button\" class=\"component component-button button style-principal\" href=\"https:\/\/www.basler.com\/service\/e2-engineering-system-evaluation-enhancement-studies\/\" target=\"\" title=\"Saber m&aacute;s\" aria-label=\"Saber m&aacute;s\">    <span class=\"button-wrapper\">\n                    <strong class=\"button-text\">Saber m&aacute;s<\/strong>\n        \n                    <span class=\"icon-wrapper\" aria-hidden=\"true\">\n                <span class=\"button-icon\">\n                    <?xml version=\"1.0\" encoding=\"UTF-8\"?> <svg xmlns=\"http:\/\/www.w3.org\/2000\/svg\" width=\"8\" height=\"8\" viewbox=\"0 0 8 8\" fill=\"currentColor\"><path fill-rule=\"evenodd\" clip-rule=\"evenodd\" d=\"M7.25606 1.27007L0.526065 8L0 7.47393L6.73 0.743975H0.789112V0H8.00004V7.21087H7.25606V1.27007Z\" fill=\"currentColor\"><\/path><\/svg>                 <\/span>\n            <\/span>\n            <\/span>\n    <\/a>\n\t\t\t\t\t\t<\/div>\n                    \t\t\t\t<\/div>\n\t\t\t<\/article>\n        \t\t\t<hr class=\"line\" role=\"presentation\"\/>\n\t\t\t<article class=\"post \" tabindex=\"0\">\n                <figure id=\"hammer_component_69d096d4b0b84\" data-component=\"image\" class=\"component component-image image\">\n        <picture class=\"picture\">\n            <img decoding=\"async\" width=\"450\" height=\"400\" src=\"https:\/\/www.baslerelectric.com\/wp-content\/uploads\/2025\/06\/Untitled-15.webp\" class=\"img\" alt=\"\" loading=\"lazy\" title=\"\" srcset=\"https:\/\/www.baslerelectric.com\/wp-content\/uploads\/2025\/06\/Untitled-15.webp 450w, https:\/\/www.baslerelectric.com\/wp-content\/uploads\/2025\/06\/Untitled-15-150x133.webp 150w, https:\/\/www.baslerelectric.com\/wp-content\/uploads\/2025\/06\/Untitled-15-414x368.webp 414w\" sizes=\"auto, (max-width: 450px) 100vw, 450px\">        <\/picture>\n\n            <\/figure>\n\n\t\t\t\t<div class=\"content\">\n\t\t\t\t\t<div class=\"infos\">\n\t\t\t\t\t\t<h3 class=\"title\">Cumplimiento de la normativa<\/h3>\n\n                        \t\t\t\t\t\t\t<p class=\"excerpt\">La fiabilidad es la principal preocupaci\u00f3n. Para poder predecir la respuesta global del sistema y la fiabilidad, el NERC necesita conocer las capacidades de los sistemas de generaci\u00f3n y el rendimiento previsto tanto para el funcionamiento en estado estacionario como durante los transitorios del sistema causados por la p\u00e9rdida de generaci\u00f3n, fallos u otros tipos de perturbaciones. <\/p>\n                        \t\t\t\t\t<\/div>\n\n                    \t\t\t\t\t\t<div class=\"wrapper-button\">\n                            <a id=\"hammer_component_69d096d4b0f7a\" data-component=\"button\" class=\"component component-button button style-principal\" href=\"https:\/\/www.basler.com\/service\/e2-engineering-regulatory-compliance\/\" target=\"\" title=\"Saber m&aacute;s\" aria-label=\"Saber m&aacute;s\">    <span class=\"button-wrapper\">\n                    <strong class=\"button-text\">Saber m&aacute;s<\/strong>\n        \n                    <span class=\"icon-wrapper\" aria-hidden=\"true\">\n                <span class=\"button-icon\">\n                    <?xml version=\"1.0\" encoding=\"UTF-8\"?> <svg xmlns=\"http:\/\/www.w3.org\/2000\/svg\" width=\"8\" height=\"8\" viewbox=\"0 0 8 8\" fill=\"currentColor\"><path fill-rule=\"evenodd\" clip-rule=\"evenodd\" d=\"M7.25606 1.27007L0.526065 8L0 7.47393L6.73 0.743975H0.789112V0H8.00004V7.21087H7.25606V1.27007Z\" fill=\"currentColor\"><\/path><\/svg>                 <\/span>\n            <\/span>\n            <\/span>\n    <\/a>\n\t\t\t\t\t\t<\/div>\n                    \t\t\t\t<\/div>\n\t\t\t<\/article>\n        \t\t\t<hr class=\"line\" role=\"presentation\"\/>\n\t\t\t<article class=\"post \" tabindex=\"0\">\n                <figure id=\"hammer_component_69d096d4b10c6\" data-component=\"image\" class=\"component component-image image\">\n        <picture class=\"picture\">\n            <img decoding=\"async\" width=\"500\" height=\"328\" src=\"https:\/\/www.baslerelectric.com\/wp-content\/uploads\/2025\/07\/Untitled-4-5.png\" class=\"img\" alt=\"\" loading=\"lazy\" title=\"\" srcset=\"https:\/\/www.baslerelectric.com\/wp-content\/uploads\/2025\/07\/Untitled-4-5.png 500w, https:\/\/www.baslerelectric.com\/wp-content\/uploads\/2025\/07\/Untitled-4-5-150x98.png 150w, https:\/\/www.baslerelectric.com\/wp-content\/uploads\/2025\/07\/Untitled-4-5-414x272.png 414w\" sizes=\"auto, (max-width: 500px) 100vw, 500px\">        <\/picture>\n\n            <\/figure>\n\n\t\t\t\t<div class=\"content\">\n\t\t\t\t\t<div class=\"infos\">\n\t\t\t\t\t\t<h3 class=\"title\">Evaluaci\u00f3n del riesgo de arco el\u00e9ctrico<\/h3>\n\n                        \t\t\t\t\t\t\t<p class=\"excerpt\">El riesgo de arco el\u00e9ctrico es la condici\u00f3n peligrosa asociada a la liberaci\u00f3n de energ\u00eda causada por un arco el\u00e9ctrico. Los arcos el\u00e9ctricos producen calor intenso, r\u00e1fagas de sonido y ondas de presi\u00f3n. El arco el\u00e9ctrico provoca temperaturas extremadamente altas, y puede irradiar calor intenso, prender fuego a la ropa y causar quemaduras graves que pueden ser mortales. Por tanto, es esencial disponer de un estudio preciso cuando se trabaja en equipos energizados.   <\/p>\n                        \t\t\t\t\t<\/div>\n\n                    \t\t\t\t\t\t<div class=\"wrapper-button\">\n                            <a id=\"hammer_component_69d096d4b1501\" data-component=\"button\" class=\"component component-button button style-principal\" href=\"https:\/\/www.basler.com\/service\/e2-engineering-arc-flash-hazard-evaluation\/\" target=\"\" title=\"Saber m&aacute;s\" aria-label=\"Saber m&aacute;s\">    <span class=\"button-wrapper\">\n                    <strong class=\"button-text\">Saber m&aacute;s<\/strong>\n        \n                    <span class=\"icon-wrapper\" aria-hidden=\"true\">\n                <span class=\"button-icon\">\n                    <?xml version=\"1.0\" encoding=\"UTF-8\"?> <svg xmlns=\"http:\/\/www.w3.org\/2000\/svg\" width=\"8\" height=\"8\" viewbox=\"0 0 8 8\" fill=\"currentColor\"><path fill-rule=\"evenodd\" clip-rule=\"evenodd\" d=\"M7.25606 1.27007L0.526065 8L0 7.47393L6.73 0.743975H0.789112V0H8.00004V7.21087H7.25606V1.27007Z\" fill=\"currentColor\"><\/path><\/svg>                 <\/span>\n            <\/span>\n            <\/span>\n    <\/a>\n\t\t\t\t\t\t<\/div>\n                    \t\t\t\t<\/div>\n\t\t\t<\/article>\n        \t\t<hr class=\"line\" role=\"presentation\"\/>\n\t<\/div>\n    <\/section>","protected":false},"excerpt":{"rendered":"","protected":false},"author":1,"featured_media":0,"parent":53845,"menu_order":0,"comment_status":"closed","ping_status":"closed","template":"","meta":{"_acf_changed":false,"content-type":"","inline_featured_image":false,"ep_exclude_from_search":false,"footnotes":""},"class_list":["post-53945","page","type-page","status-publish","hentry"],"acf":[],"yoast_head":"<!-- This site is optimized with the Yoast SEO plugin v26.3 - https:\/\/yoast.com\/wordpress\/plugins\/seo\/ -->\n<title>Servicios de Consultor\u00eda | Basler Electric<\/title>\n<meta name=\"robots\" content=\"index, follow, max-snippet:-1, max-image-preview:large, max-video-preview:-1\" \/>\n<link rel=\"canonical\" href=\"https:\/\/www.baslerelectric.com\/es\/e%c2%b2-servicios-de-ingenieria\/servicios-de-consultoria\/\" \/>\n<meta property=\"og:locale\" content=\"es_ES\" \/>\n<meta property=\"og:type\" content=\"article\" \/>\n<meta property=\"og:title\" content=\"Servicios de Consultor\u00eda | Basler Electric\" \/>\n<meta property=\"og:url\" content=\"https:\/\/www.baslerelectric.com\/es\/e%c2%b2-servicios-de-ingenieria\/servicios-de-consultoria\/\" \/>\n<meta property=\"og:site_name\" content=\"Basler Electric\" \/>\n<meta property=\"article:modified_time\" content=\"2025-09-10T22:17:53+00:00\" \/>\n<meta property=\"og:image\" content=\"https:\/\/www.baslerelectric.com\/wp-content\/uploads\/2025\/07\/Basler-Default-Image.jpg\" \/>\n\t<meta property=\"og:image:width\" content=\"1920\" \/>\n\t<meta property=\"og:image:height\" content=\"1080\" \/>\n\t<meta property=\"og:image:type\" content=\"image\/jpeg\" \/>\n<meta name=\"twitter:card\" content=\"summary_large_image\" \/>\n<script type=\"application\/ld+json\" class=\"yoast-schema-graph\">{\"@context\":\"https:\/\/schema.org\",\"@graph\":[{\"@type\":\"WebPage\",\"@id\":\"https:\/\/www.baslerelectric.com\/es\/e%c2%b2-servicios-de-ingenieria\/servicios-de-consultoria\/\",\"url\":\"https:\/\/www.baslerelectric.com\/es\/e%c2%b2-servicios-de-ingenieria\/servicios-de-consultoria\/\",\"name\":\"Servicios de Consultor\u00eda | Basler Electric\",\"isPartOf\":{\"@id\":\"https:\/\/catalog.basler.com\/es\/#website\"},\"datePublished\":\"2025-07-15T04:08:41+00:00\",\"dateModified\":\"2025-09-10T22:17:53+00:00\",\"breadcrumb\":{\"@id\":\"https:\/\/www.baslerelectric.com\/es\/e%c2%b2-servicios-de-ingenieria\/servicios-de-consultoria\/#breadcrumb\"},\"inLanguage\":\"es-ES\",\"potentialAction\":[{\"@type\":\"ReadAction\",\"target\":[\"https:\/\/www.baslerelectric.com\/es\/e%c2%b2-servicios-de-ingenieria\/servicios-de-consultoria\/\"]}]},{\"@type\":\"BreadcrumbList\",\"@id\":\"https:\/\/www.baslerelectric.com\/es\/e%c2%b2-servicios-de-ingenieria\/servicios-de-consultoria\/#breadcrumb\",\"itemListElement\":[{\"@type\":\"ListItem\",\"position\":1,\"name\":\"Home\",\"item\":\"https:\/\/sourceautosoftware.com\/es\/\"},{\"@type\":\"ListItem\",\"position\":2,\"name\":\"E\u00b2 Servicios de Ingenier\u00eda\",\"item\":\"https:\/\/basler.com\/es\/e%c2%b2-servicios-de-ingenieria\/\"},{\"@type\":\"ListItem\",\"position\":3,\"name\":\"Servicios de Consultor\u00eda\"}]},{\"@type\":\"WebSite\",\"@id\":\"https:\/\/catalog.basler.com\/es\/#website\",\"url\":\"https:\/\/catalog.basler.com\/es\/\",\"name\":\"Basler Electric\",\"description\":\"\",\"publisher\":{\"@id\":\"https:\/\/catalog.basler.com\/es\/#organization\"},\"potentialAction\":[{\"@type\":\"SearchAction\",\"target\":{\"@type\":\"EntryPoint\",\"urlTemplate\":\"https:\/\/catalog.basler.com\/es\/?s={search_term_string}\"},\"query-input\":{\"@type\":\"PropertyValueSpecification\",\"valueRequired\":true,\"valueName\":\"search_term_string\"}}],\"inLanguage\":\"es-ES\"},{\"@type\":\"Organization\",\"@id\":\"https:\/\/catalog.basler.com\/es\/#organization\",\"name\":\"Basler Electric\",\"url\":\"https:\/\/catalog.basler.com\/es\/\",\"logo\":{\"@type\":\"ImageObject\",\"inLanguage\":\"es-ES\",\"@id\":\"https:\/\/catalog.basler.com\/es\/#\/schema\/logo\/image\/\",\"url\":\"https:\/\/www.basler.com\/wp-content\/uploads\/2025\/10\/Basler-Logo-Favicon.png\",\"contentUrl\":\"https:\/\/www.basler.com\/wp-content\/uploads\/2025\/10\/Basler-Logo-Favicon.png\",\"width\":512,\"height\":512,\"caption\":\"Basler Electric\"},\"image\":{\"@id\":\"https:\/\/catalog.basler.com\/es\/#\/schema\/logo\/image\/\"}}]}<\/script>\n<!-- \/ Yoast SEO plugin. -->","yoast_head_json":{"title":"Servicios de Consultor\u00eda | Basler Electric","robots":{"index":"index","follow":"follow","max-snippet":"max-snippet:-1","max-image-preview":"max-image-preview:large","max-video-preview":"max-video-preview:-1"},"canonical":"https:\/\/www.baslerelectric.com\/es\/e%c2%b2-servicios-de-ingenieria\/servicios-de-consultoria\/","og_locale":"es_ES","og_type":"article","og_title":"Servicios de Consultor\u00eda | Basler Electric","og_url":"https:\/\/www.baslerelectric.com\/es\/e%c2%b2-servicios-de-ingenieria\/servicios-de-consultoria\/","og_site_name":"Basler Electric","article_modified_time":"2025-09-10T22:17:53+00:00","og_image":[{"width":1920,"height":1080,"url":"https:\/\/www.baslerelectric.com\/wp-content\/uploads\/2025\/07\/Basler-Default-Image.jpg","type":"image\/jpeg"}],"twitter_card":"summary_large_image","schema":{"@context":"https:\/\/schema.org","@graph":[{"@type":"WebPage","@id":"https:\/\/www.baslerelectric.com\/es\/e%c2%b2-servicios-de-ingenieria\/servicios-de-consultoria\/","url":"https:\/\/www.baslerelectric.com\/es\/e%c2%b2-servicios-de-ingenieria\/servicios-de-consultoria\/","name":"Servicios de Consultor\u00eda | Basler Electric","isPartOf":{"@id":"https:\/\/catalog.basler.com\/es\/#website"},"datePublished":"2025-07-15T04:08:41+00:00","dateModified":"2025-09-10T22:17:53+00:00","breadcrumb":{"@id":"https:\/\/www.baslerelectric.com\/es\/e%c2%b2-servicios-de-ingenieria\/servicios-de-consultoria\/#breadcrumb"},"inLanguage":"es-ES","potentialAction":[{"@type":"ReadAction","target":["https:\/\/www.baslerelectric.com\/es\/e%c2%b2-servicios-de-ingenieria\/servicios-de-consultoria\/"]}]},{"@type":"BreadcrumbList","@id":"https:\/\/www.baslerelectric.com\/es\/e%c2%b2-servicios-de-ingenieria\/servicios-de-consultoria\/#breadcrumb","itemListElement":[{"@type":"ListItem","position":1,"name":"Home","item":"https:\/\/sourceautosoftware.com\/es\/"},{"@type":"ListItem","position":2,"name":"E\u00b2 Servicios de Ingenier\u00eda","item":"https:\/\/basler.com\/es\/e%c2%b2-servicios-de-ingenieria\/"},{"@type":"ListItem","position":3,"name":"Servicios de Consultor\u00eda"}]},{"@type":"WebSite","@id":"https:\/\/catalog.basler.com\/es\/#website","url":"https:\/\/catalog.basler.com\/es\/","name":"Basler Electric","description":"","publisher":{"@id":"https:\/\/catalog.basler.com\/es\/#organization"},"potentialAction":[{"@type":"SearchAction","target":{"@type":"EntryPoint","urlTemplate":"https:\/\/catalog.basler.com\/es\/?s={search_term_string}"},"query-input":{"@type":"PropertyValueSpecification","valueRequired":true,"valueName":"search_term_string"}}],"inLanguage":"es-ES"},{"@type":"Organization","@id":"https:\/\/catalog.basler.com\/es\/#organization","name":"Basler Electric","url":"https:\/\/catalog.basler.com\/es\/","logo":{"@type":"ImageObject","inLanguage":"es-ES","@id":"https:\/\/catalog.basler.com\/es\/#\/schema\/logo\/image\/","url":"https:\/\/www.basler.com\/wp-content\/uploads\/2025\/10\/Basler-Logo-Favicon.png","contentUrl":"https:\/\/www.basler.com\/wp-content\/uploads\/2025\/10\/Basler-Logo-Favicon.png","width":512,"height":512,"caption":"Basler Electric"},"image":{"@id":"https:\/\/catalog.basler.com\/es\/#\/schema\/logo\/image\/"}}]}},"_links":{"self":[{"href":"https:\/\/www.baslerelectric.com\/es\/wp-json\/wp\/v2\/pages\/53945","targetHints":{"allow":["GET"]}}],"collection":[{"href":"https:\/\/www.baslerelectric.com\/es\/wp-json\/wp\/v2\/pages"}],"about":[{"href":"https:\/\/www.baslerelectric.com\/es\/wp-json\/wp\/v2\/types\/page"}],"author":[{"embeddable":true,"href":"https:\/\/www.baslerelectric.com\/es\/wp-json\/wp\/v2\/users\/1"}],"replies":[{"embeddable":true,"href":"https:\/\/www.baslerelectric.com\/es\/wp-json\/wp\/v2\/comments?post=53945"}],"version-history":[{"count":1,"href":"https:\/\/www.baslerelectric.com\/es\/wp-json\/wp\/v2\/pages\/53945\/revisions"}],"predecessor-version":[{"id":53948,"href":"https:\/\/www.baslerelectric.com\/es\/wp-json\/wp\/v2\/pages\/53945\/revisions\/53948"}],"up":[{"embeddable":true,"href":"https:\/\/www.baslerelectric.com\/es\/wp-json\/wp\/v2\/pages\/53845"}],"wp:attachment":[{"href":"https:\/\/www.baslerelectric.com\/es\/wp-json\/wp\/v2\/media?parent=53945"}],"curies":[{"name":"wp","href":"https:\/\/api.w.org\/{rel}","templated":true}]}}